{"id":4261,"date":"2021-07-02T07:07:46","date_gmt":"2021-07-02T07:07:46","guid":{"rendered":"https:\/\/deliveryelche.com\/?page_id=4261"},"modified":"2024-10-13T19:03:28","modified_gmt":"2024-10-13T19:03:28","slug":"cookies","status":"publish","type":"page","link":"https:\/\/deliveryelche.com\/index.php\/cookies\/","title":{"rendered":"cookies"},"content":{"rendered":"\t\t<div data-elementor-type=\"wp-page\" data-elementor-id=\"4261\" class=\"elementor elementor-4261\">\n\t\t\t\t\t\t<section class=\"elementor-section elementor-top-section elementor-element elementor-element-fbaf825 elementor-section-boxed elementor-section-height-default elementor-section-height-default\" data-id=\"fbaf825\" data-element_type=\"section\" data-e-type=\"section\">\n\t\t\t\t\t\t<div class=\"elementor-container elementor-column-gap-default\">\n\t\t\t\t\t<div class=\"elementor-column elementor-col-100 elementor-top-column elementor-element elementor-element-9814585\" data-id=\"9814585\" data-element_type=\"column\" data-e-type=\"column\">\n\t\t\t<div class=\"elementor-widget-wrap elementor-element-populated\">\n\t\t\t\t\t\t<div class=\"elementor-element elementor-element-35d8f8a elementor-widget elementor-widget-text-editor\" data-id=\"35d8f8a\" data-element_type=\"widget\" data-e-type=\"widget\" data-widget_type=\"text-editor.default\">\n\t\t\t\t<div class=\"elementor-widget-container\">\n\t\t\t\t\t\t\t\t\t<p>La finalidad de este aviso sobre cookies es explicarle qu\u00e9 cookies usamos y por qu\u00e9 las usamos. Si a\u00fan tiene preguntas sobre nuestro uso de las cookies o sobre su privacidad en relaci\u00f3n con las cookies, puede contactarnos a trav\u00e9s de info@deliveryelche.com<br \/><br \/>\u00bfQu\u00e9 son las cookies?<br \/>Usamos cookies en nuestras aplicaciones, sitios web y comunicaciones por correo electr\u00f3nico.<br \/><br \/>Una cookie es un documento de texto muy peque\u00f1o, el cual suele incluir un identificador \u00fanico. Las cookies se crean cuando su navegador carga un sitio web en concreto. El sitio web env\u00eda informaci\u00f3n al navegador y luego el navegador crea un archivo de texto. Cada vez que el usuario vuelve al mismo sitio web, el navegador recupera y env\u00eda este archivo al servidor del sitio web. Para m\u00e1s informaci\u00f3n sobre el uso de cookies, visite\u00a0<a href=\"http:\/\/www.allaboutcookies.org\/\" target=\"_blank\" rel=\"noopener\"><span style=\"color: #1155cc;\">www.allaboutcookies.org<\/span><\/a>.<br \/><br \/>Tambi\u00e9n usamos otras tecnolog\u00edas como scripts, balizas web y, en aplicaciones, kits de desarrollo de software (SDKs, por sus siglas en ingl\u00e9s), que cumplen una funci\u00f3n similar a la de las cookies y que nos permiten supervisar y mejorar nuestras aplicaciones, sitios web y comunicaciones por correo electr\u00f3nico. Cuando nos refiramos a cookies en este aviso sobre cookies, tambi\u00e9n incluimos estas tecnolog\u00edas similares. Si desea obtener m\u00e1s informaci\u00f3n sobre nuestras pr\u00e1cticas para proteger su privacidad, le rogamos que visite nuestra pol\u00edtica de privacidad.<br \/><br \/>Cuando usted da su consentimiento al uso que hacemos de las cookies, solemos conservar el mismo durante seis meses\u00a0desde su \u00faltima interacci\u00f3n con nuestros sitios web o aplicaciones antes de volver a solicitar su consentimiento.<br \/><br \/>\u00bfPor qu\u00e9 usamos cookies?<br \/>Instalamos cookies por una serie de finalidades distintas. A continuaci\u00f3n, encontrar\u00e1 un resumen de las distintas finalidades por las que usamos cookies.<br \/>Categor\u00edas de cookies Per\u00edodo M\u00e1ximo de Conservaci\u00f3n de los Datos Recopilados a trav\u00e9s de Cookies<br \/>1. Cookies necesarias<br \/><br \/>Estas cookies son necesarias para habilitar y mantener las funcionalidades principales de nuestros sitios web y aplicaciones. Los servicios que haya solicitado, como a\u00f1adir productos a su pedido, no pueden funcionar sin estas cookies. Ciertas partes de nuestros sitios web y aplicaciones no funcionar\u00e1n sin estas cookies, como por ejemplo, a\u00f1adir productos a su pedido o finalizar su pedido. Tambi\u00e9n usamos cookies para ayudar a mantener segura nuestra plataforma y probar nuevas funcionalidades para asegurarnos de que no interfieren con las funcionalidades principales de la plataforma.<br \/><br \/>25 meses<br \/>2. Cookies funcionales<br \/><br \/>Puede que usemos cookies que no son esenciales pero que habilitan varias funcionalidades \u00fatiles en nuestros sitios web. Por ejemplo, estas cookies recopilan informaci\u00f3n sobre su interacci\u00f3n con nuestros sitios web y aplicaciones, y pueden ser utilizadas para recordar sus preferencias o sus intereses.<br \/><br \/>25 meses<br \/>3. Cookies anal\u00edticas<br \/><br \/>Analizamos su comportamiento como usuario en nuestro sitio web, usando cookies y tecnolog\u00edas similares, para as\u00ed mejorar nuestro sitio web y adaptarlo para ofrecerle la mejor experiencia posible. Esperamos que, al analizar estos datos, podemos garantizar que nuestro sitio web est\u00e1 lo m\u00e1s adaptado posible a los usuarios. Por ejemplo, hacemos un seguimiento de qu\u00e9 p\u00e1ginas son las m\u00e1s visitadas y de c\u00f3mo navega en nuestro sitio web. Usamos Google Analytics para entender mejor c\u00f3mo los clientes usan nuestros sitios web y aplicaciones. Si no desea que se utilice Google Analytics en su navegador, puede instalar el siguiente complemento de Google:\u00a0<a href=\"https:\/\/tools.google.com\/dlpage\/gaoptout?hl=en_GB\" target=\"_blank\" rel=\"noopener\"><span style=\"color: #1155cc;\">https:\/\/tools.google.com\/dlpage\/gaoptout?hl=en_GB<\/span><\/a>.<br \/><br \/>25 meses<br \/>4. Cookies de publicidad<br \/><br \/>Usamos cookies y tecnolog\u00edas similares para ofrecerle publicidad sobre nuestra plataforma y servicios y recopilar informaci\u00f3n sobre sus h\u00e1bitos de navegaci\u00f3n para que la publicidad que le ofrecemos sea m\u00e1s relevante para usted y sus intereses. Por este motivo, analizamos (entre otras cosas), con cuanta frecuencia usa nuestro sitio web y qu\u00e9 productos le interesan. Esto nos permite adaptar mejor los anuncios que le ofrecemos a sus preferencias. Tambi\u00e9n usamos estas cookies para comprobar si viene de un sitio web de nuestros anunciantes o empresas asociadas. Puede que compartamos esta informaci\u00f3n con terceros que ayuden a gestionar nuestra publicidad en l\u00ednea.<br \/><br \/>25 meses<br \/>5. Cookies de Redes sociales<br \/><br \/>Estas cookies se utilizan cuando comparte informaci\u00f3n usando un bot\u00f3n para compartir de una red social o un bot\u00f3n de \u00abme gusta\u00bb en nuestros sitios web o aplicaciones, o cuando interact\u00faa con nuestro contenido en, o a trav\u00e9s de, una plataforma social como Facebook o Twitter. Estas cookies recopilan informaci\u00f3n sobre su interacci\u00f3n en redes sociales con nosotros, como si tiene o no una cuenta de una red social y si ha iniciado sesi\u00f3n en dicha cuenta cuando interact\u00faa con nuestro contenido en nuestros sitios web y aplicaciones. Esta informaci\u00f3n puede relacionarse con actividades de segmentaci\u00f3n\/publicitarias.<br \/><br \/>25 meses<br \/>Gestionar sus preferencias de cookies<br \/>1. Habilitar\/desactivar cookies y eliminar cookies<br \/>Puede que tambi\u00e9n sea posible eliminar o desactivar cookies que se hayan instalado previamente en su dispositivo a trav\u00e9s de los ajustes de su navegador. Al desactivar cookies, es posible que partes de nuestro sitio web no funcionen. No se pueden desactivar las cookies que sean esenciales para el funcionamiento del sitio web. Puede usar los enlaces siguientes para obtener m\u00e1s informaci\u00f3n sobre c\u00f3mo cambiar los ajustes de cookies en su navegador, y en qu\u00e9 medida puede eliminar cookies a trav\u00e9s de los ajustes de su navegador:<br \/><br \/>Chrome<br \/>Firefox<br \/>Internet Explorer<br \/>Edge<br \/>Safari (iOS)<br \/>Safari (macOS)<br \/>Opera\u00a0<br \/>Samsung Android Browser<br \/>2. Informaci\u00f3n adicional y preguntas<br \/>Para m\u00e1s informaci\u00f3n sobre el tratamiento de sus datos personales, incluyendo informaci\u00f3n sobre sus derechos, le rogamos que consulte nuestra pol\u00edtica de privacidad. Si tiene cualesquiera preguntas o quejas en relaci\u00f3n con nuestro aviso sobre cookies, estamos encantados de ayudarle. Tambi\u00e9n nos gustar\u00eda conocer cualquier sugerencia que pueda tener para mejorar nuestro aviso sobre cookies.\u00a0Puede contactarnos a trav\u00e9s de\u00a0<span style=\"color: #1155cc;\">info@deliveryelche.com<\/span>\u00a0<\/p>\t\t\t\t\t\t\t\t<\/div>\n\t\t\t\t<\/div>\n\t\t\t\t\t<\/div>\n\t\t<\/div>\n\t\t\t\t\t<\/div>\n\t\t<\/section>\n\t\t\t\t<\/div>\n\t\t","protected":false},"excerpt":{"rendered":"<p>La finalidad de este aviso sobre cookies es explicarle qu\u00e9 cookies usamos y por qu\u00e9 las usamos. Si a\u00fan tiene preguntas sobre nuestro uso de las cookies o sobre su privacidad en relaci\u00f3n con las cookies, puede contactarnos a trav\u00e9s de info@deliveryelche.com \u00bfQu\u00e9 son las cookies? Usamos cookies en nuestras aplicaciones, sitios web y comunicaciones [&hellip;]<\/p>\n","protected":false},"author":1,"featured_media":0,"parent":0,"menu_order":0,"comment_status":"closed","ping_status":"closed","template":"elementor_canvas","meta":{"site-sidebar-layout":"no-sidebar","site-content-layout":"page-builder","ast-site-content-layout":"full-width-container","site-content-style":"unboxed","site-sidebar-style":"unboxed","ast-global-header-display":"","ast-banner-title-visibility":"","ast-main-header-display":"","ast-hfb-above-header-display":"","ast-hfb-below-header-display":"","ast-hfb-mobile-header-display":"","site-post-title":"disabled","ast-breadcrumbs-content":"","ast-featured-img":"disabled","footer-sml-layout":"","ast-disable-related-posts":"","theme-transparent-header-meta":"default","adv-header-id-meta":"","stick-header-meta":"","header-above-stick-meta":"","header-main-stick-meta":"","header-below-stick-meta":"","astra-migrate-meta-layouts":"set","ast-page-background-enabled":"default","ast-page-background-meta":{"desktop":{"background-color":"","background-image":"","background-repeat":"repeat","background-position":"center center","background-size":"auto","background-attachment":"scroll","background-type":"","background-media":"","overlay-type":"","overlay-color":"","overlay-opacity":"","overlay-gradient":""},"tablet":{"background-color":"","background-image":"","background-repeat":"repeat","background-position":"center center","background-size":"auto","background-attachment":"scroll","background-type":"","background-media":"","overlay-type":"","overlay-color":"","overlay-opacity":"","overlay-gradient":""},"mobile":{"background-color":"","background-image":"","background-repeat":"repeat","background-position":"center center","background-size":"auto","background-attachment":"scroll","background-type":"","background-media":"","overlay-type":"","overlay-color":"","overlay-opacity":"","overlay-gradient":""}},"ast-content-background-meta":{"desktop":{"background-color":"var(--ast-global-color-5)","background-image":"","background-repeat":"repeat","background-position":"center center","background-size":"auto","background-attachment":"scroll","background-type":"","background-media":"","overlay-type":"","overlay-color":"","overlay-opacity":"","overlay-gradient":""},"tablet":{"background-color":"var(--ast-global-color-5)","background-image":"","background-repeat":"repeat","background-position":"center center","background-size":"auto","background-attachment":"scroll","background-type":"","background-media":"","overlay-type":"","overlay-color":"","overlay-opacity":"","overlay-gradient":""},"mobile":{"background-color":"var(--ast-global-color-5)","background-image":"","background-repeat":"repeat","background-position":"center center","background-size":"auto","background-attachment":"scroll","background-type":"","background-media":"","overlay-type":"","overlay-color":"","overlay-opacity":"","overlay-gradient":""}},"footnotes":""},"class_list":["post-4261","page","type-page","status-publish","hentry"],"aioseo_notices":[],"_links":{"self":[{"href":"https:\/\/deliveryelche.com\/index.php\/wp-json\/wp\/v2\/pages\/4261","targetHints":{"allow":["GET"]}}],"collection":[{"href":"https:\/\/deliveryelche.com\/index.php\/wp-json\/wp\/v2\/pages"}],"about":[{"href":"https:\/\/deliveryelche.com\/index.php\/wp-json\/wp\/v2\/types\/page"}],"author":[{"embeddable":true,"href":"https:\/\/deliveryelche.com\/index.php\/wp-json\/wp\/v2\/users\/1"}],"replies":[{"embeddable":true,"href":"https:\/\/deliveryelche.com\/index.php\/wp-json\/wp\/v2\/comments?post=4261"}],"version-history":[{"count":5,"href":"https:\/\/deliveryelche.com\/index.php\/wp-json\/wp\/v2\/pages\/4261\/revisions"}],"predecessor-version":[{"id":7426,"href":"https:\/\/deliveryelche.com\/index.php\/wp-json\/wp\/v2\/pages\/4261\/revisions\/7426"}],"wp:attachment":[{"href":"https:\/\/deliveryelche.com\/index.php\/wp-json\/wp\/v2\/media?parent=4261"}],"curies":[{"name":"wp","href":"https:\/\/api.w.org\/{rel}","templated":true}]}}